{"id":2010,"date":"2023-11-23T09:23:57","date_gmt":"2023-11-23T08:23:57","guid":{"rendered":"https:\/\/22media.sk\/kapcsolat\/"},"modified":"2024-02-02T14:32:16","modified_gmt":"2024-02-02T13:32:16","slug":"kapcsolat","status":"publish","type":"page","link":"https:\/\/22media.sk\/hu\/kapcsolat\/","title":{"rendered":"Kapcsolat"},"content":{"rendered":"\t\t<div data-elementor-type=\"wp-page\" data-elementor-id=\"2010\" class=\"elementor elementor-2010 elementor-1466\" data-elementor-post-type=\"page\">\n\t\t\t\t<div class=\"elementor-element elementor-element-06fad8c e-flex e-con-boxed e-con e-parent\" data-id=\"06fad8c\" data-element_type=\"container\" data-e-type=\"container\" data-settings=\"{&quot;background_background&quot;:&quot;classic&quot;}\">\n\t\t\t\t\t<div class=\"e-con-inner\">\n\t\t<div class=\"elementor-element elementor-element-b7eaaa6 e-con-full e-flex e-con e-child\" data-id=\"b7eaaa6\" data-element_type=\"container\" data-e-type=\"container\" data-settings=\"{&quot;background_background&quot;:&quot;classic&quot;}\">\n\t\t<div class=\"elementor-element elementor-element-e7906aa e-flex e-con-boxed e-con e-child\" data-id=\"e7906aa\" data-element_type=\"container\" data-e-type=\"container\">\n\t\t\t\t\t<div class=\"e-con-inner\">\n\t\t\t\t<div class=\"elementor-element elementor-element-33bf32c elementor-widget elementor-widget-heading\" data-id=\"33bf32c\" data-element_type=\"widget\" data-e-type=\"widget\" data-widget_type=\"heading.default\">\n\t\t\t\t\t<h1 class=\"elementor-heading-title elementor-size-default\">V\u00e1gjunk <span class=\"fancy-txt\">bele!<\/span><\/h1>\t\t\t\t<\/div>\n\t\t\t\t<div class=\"elementor-element elementor-element-aa1cd2f elementor-widget-tablet__width-initial elementor-widget elementor-widget-text-editor\" data-id=\"aa1cd2f\" data-element_type=\"widget\" data-e-type=\"widget\" data-widget_type=\"text-editor.default\">\n\t\t\t\t\t\t\t\t\t<p>Dolgozzunk \u00e9s gondolkodjunk egy\u00fctt!<br \/>Im\u00e1djuk az izgalmas projekteket \u00e9s kih\u00edv\u00e1sokat.<br \/>Ha vel\u00fcnk k\u00e9pzeled el a partners\u00e9get, l\u00e9pj vel\u00fcnk kapcsolatba a lenti el\u00e9rhet\u0151s\u00e9gek egyik\u00e9n, vagy t\u00f6ltsd ki az \u0171rlapot!<\/p>\n\t\t\t\t\t\t\t\t<\/div>\n\t\t\t\t\t<\/div>\n\t\t\t\t<\/div>\n\t\t<div class=\"elementor-element elementor-element-853f3c3 e-flex e-con-boxed e-con e-child\" data-id=\"853f3c3\" data-element_type=\"container\" data-e-type=\"container\" data-settings=\"{&quot;animation_tablet&quot;:&quot;bounce&quot;,&quot;background_background&quot;:&quot;classic&quot;}\">\n\t\t\t\t\t<div class=\"e-con-inner\">\n\t\t\t\t<div class=\"elementor-element elementor-element-8156d7a elementor-widget__width-initial elementor-widget elementor-widget-image\" data-id=\"8156d7a\" data-element_type=\"widget\" data-e-type=\"widget\" data-widget_type=\"image.default\">\n\t\t\t\t\t\t\t\t\t\t\t\t\t\t\t<img fetchpriority=\"high\" decoding=\"async\" width=\"800\" height=\"569\" src=\"https:\/\/22media.sk\/wp-content\/uploads\/2023\/11\/white-marble-statue-1.webp\" class=\"attachment-large size-large wp-image-1987\" alt=\"\" srcset=\"https:\/\/22media.sk\/wp-content\/uploads\/2023\/11\/white-marble-statue-1.webp 829w, https:\/\/22media.sk\/wp-content\/uploads\/2023\/11\/white-marble-statue-1-300x214.webp 300w, https:\/\/22media.sk\/wp-content\/uploads\/2023\/11\/white-marble-statue-1-768x547.webp 768w\" sizes=\"(max-width: 800px) 100vw, 800px\" \/>\t\t\t\t\t\t\t\t\t\t\t\t\t\t\t<\/div>\n\t\t\t\t\t<\/div>\n\t\t\t\t<\/div>\n\t\t\t\t<\/div>\n\t\t<div class=\"elementor-element elementor-element-c6177d2 e-con-full e-flex e-con e-child\" data-id=\"c6177d2\" data-element_type=\"container\" data-e-type=\"container\" data-settings=\"{&quot;background_background&quot;:&quot;classic&quot;}\">\n\t\t\t\t<div class=\"elementor-element elementor-element-ecc3a5b kontakt elementor-widget elementor-widget-shortcode\" data-id=\"ecc3a5b\" data-element_type=\"widget\" data-e-type=\"widget\" data-widget_type=\"shortcode.default\">\n\t\t\t\t\t\t\t<div class=\"elementor-shortcode\">\n<div class=\"wpcf7 no-js\" id=\"wpcf7-f2118-o1\" lang=\"hu-HU\" dir=\"ltr\" data-wpcf7-id=\"2118\">\n<div class=\"screen-reader-response\"><p role=\"status\" aria-live=\"polite\" aria-atomic=\"true\"><\/p> <ul><\/ul><\/div>\n<form action=\"\/hu\/wp-json\/wp\/v2\/pages\/2010#wpcf7-f2118-o1\" method=\"post\" class=\"wpcf7-form init\" aria-label=\"Kapcsolatfelv\u00e9teli \u0171rlap\" novalidate=\"novalidate\" data-status=\"init\">\n<fieldset class=\"hidden-fields-container\"><input type=\"hidden\" name=\"_wpcf7\" value=\"2118\" \/><input type=\"hidden\" name=\"_wpcf7_version\" value=\"6.1.5\" \/><input type=\"hidden\" name=\"_wpcf7_locale\" value=\"hu_HU\" \/><input type=\"hidden\" name=\"_wpcf7_unit_tag\" value=\"wpcf7-f2118-o1\" \/><input type=\"hidden\" name=\"_wpcf7_container_post\" value=\"0\" \/><input type=\"hidden\" name=\"_wpcf7_posted_data_hash\" value=\"\" \/><input type=\"hidden\" name=\"_wpcf7_recaptcha_response\" value=\"\" \/>\n<\/fieldset>\n<div>\n\t<p><label> N\u00e9v*<br \/>\n<span class=\"wpcf7-form-control-wrap\" data-name=\"your-name\"><input size=\"40\" maxlength=\"400\" class=\"wpcf7-form-control wpcf7-text wpcf7-validates-as-required\" autocomplete=\"name\" aria-required=\"true\" aria-invalid=\"false\" value=\"\" type=\"text\" name=\"your-name\" \/><\/span> <\/label>\n\t<\/p>\n\t<p><label> Szervezet neve<br \/>\n<span class=\"wpcf7-form-control-wrap\" data-name=\"your-firm\"><input size=\"40\" maxlength=\"400\" class=\"wpcf7-form-control wpcf7-text\" aria-invalid=\"false\" value=\"\" type=\"text\" name=\"your-firm\" \/><\/span> <\/label>\n\t<\/p>\n<\/div>\n<div>\n\t<p><label> E-mail c\u00edm*<br \/>\n<span class=\"wpcf7-form-control-wrap\" data-name=\"your-email\"><input size=\"40\" maxlength=\"400\" class=\"wpcf7-form-control wpcf7-email wpcf7-validates-as-required wpcf7-text wpcf7-validates-as-email\" autocomplete=\"email\" aria-required=\"true\" aria-invalid=\"false\" value=\"\" type=\"email\" name=\"your-email\" \/><\/span> <\/label>\n\t<\/p>\n\t<p><label> Weboldal \/ Rajong\u00f3i oldal<br \/>\n<span class=\"wpcf7-form-control-wrap\" data-name=\"web-page\"><input size=\"40\" maxlength=\"400\" class=\"wpcf7-form-control wpcf7-url wpcf7-text wpcf7-validates-as-url\" aria-invalid=\"false\" value=\"\" type=\"url\" name=\"web-page\" \/><\/span> <\/label>\n\t<\/p>\n<\/div>\n<div>\n\t<p><label> Tel. sz\u00e1m*<br \/>\n<span class=\"wpcf7-form-control-wrap\" data-name=\"tel-no\"><input size=\"40\" maxlength=\"400\" class=\"wpcf7-form-control wpcf7-tel wpcf7-validates-as-required wpcf7-text wpcf7-validates-as-tel\" aria-required=\"true\" aria-invalid=\"false\" value=\"\" type=\"tel\" name=\"tel-no\" \/><\/span> <\/label>\n\t<\/p>\n\t<p><label> Szolg\u00e1ltat\u00e1s*<br \/>\n<span class=\"wpcf7-form-control-wrap\" data-name=\"service-select\"><span class=\"wpcf7-form-control wpcf7-post_checkbox wpcf7-validates-as-required\"><span class=\"wpcf7-list-item first\"><input type=\"checkbox\" name=\"service-select[]\" value=\"ZUG podcast st\u00fadi\u00f3\" data-id=\"3339\" tabindex=\"\" \/><span class=\"wpcf7-list-item-label\">ZUG podcast st\u00fadi\u00f3<\/span><\/span><span class=\"wpcf7-list-item\"><input type=\"checkbox\" name=\"service-select[]\" value=\"Weboldalak \u00e9s webshopok\" data-id=\"2034\" tabindex=\"\" \/><span class=\"wpcf7-list-item-label\">Weboldalak \u00e9s webshopok<\/span><\/span><span class=\"wpcf7-list-item\"><input type=\"checkbox\" name=\"service-select[]\" value=\"Vide\u00f3k\u00e9sz\u00edt\u00e9s\" data-id=\"3570\" tabindex=\"\" \/><span class=\"wpcf7-list-item-label\">Vide\u00f3k\u00e9sz\u00edt\u00e9s<\/span><\/span><span class=\"wpcf7-list-item\"><input type=\"checkbox\" name=\"service-select[]\" value=\"TikTok hirdet\u00e9s\" data-id=\"3167\" tabindex=\"\" \/><span class=\"wpcf7-list-item-label\">TikTok hirdet\u00e9s<\/span><\/span><span class=\"wpcf7-list-item\"><input type=\"checkbox\" name=\"service-select[]\" value=\"Tartalommarketing\" data-id=\"2023\" tabindex=\"\" \/><span class=\"wpcf7-list-item-label\">Tartalommarketing<\/span><\/span><span class=\"wpcf7-list-item\"><input type=\"checkbox\" name=\"service-select[]\" value=\"Product design, UX\/UI design\" data-id=\"3359\" tabindex=\"\" \/><span class=\"wpcf7-list-item-label\">Product design, UX\/UI design<\/span><\/span><span class=\"wpcf7-list-item\"><input type=\"checkbox\" name=\"service-select[]\" value=\"Online marketing\" data-id=\"2038\" tabindex=\"\" \/><span class=\"wpcf7-list-item-label\">Online marketing<\/span><\/span><span class=\"wpcf7-list-item\"><input type=\"checkbox\" name=\"service-select[]\" value=\"Motion Graphics\u2028\u00e9s Anim\u00e1ci\u00f3\" data-id=\"3524\" tabindex=\"\" \/><span class=\"wpcf7-list-item-label\">Motion Graphics\u2028\u00e9s Anim\u00e1ci\u00f3<\/span><\/span><span class=\"wpcf7-list-item last\"><input type=\"checkbox\" name=\"service-select[]\" value=\"Grafikai tervez\u00e9s\" data-id=\"2014\" tabindex=\"\" \/><span class=\"wpcf7-list-item-label\">Grafikai tervez\u00e9s<\/span><\/span><\/span><\/span> <\/label>\n\t<\/p>\n<\/div>\n<p><label> \u00dczenet<br \/>\n<span class=\"wpcf7-form-control-wrap\" data-name=\"your-message\"><textarea cols=\"40\" rows=\"10\" maxlength=\"2000\" class=\"wpcf7-form-control wpcf7-textarea\" aria-invalid=\"false\" name=\"your-message\"><\/textarea><\/span> <\/label>\n<\/p>\n<p><input class=\"wpcf7-form-control wpcf7-submit has-spinner\" type=\"submit\" value=\"\u00dczenet k\u00fcld\u00e9se\" \/>\n<\/p><div class=\"wpcf7-response-output\" aria-hidden=\"true\"><\/div>\n<\/form>\n<\/div>\n<\/div>\n\t\t\t\t\t\t<\/div>\n\t\t\t\t<\/div>\n\t\t\t\t\t<\/div>\n\t\t\t\t<\/div>\n\t\t\t\t<\/div>\n\t\t","protected":false},"excerpt":{"rendered":"<p>V\u00e1gjunk bele! Dolgozzunk \u00e9s gondolkodjunk egy\u00fctt!Im\u00e1djuk az izgalmas projekteket \u00e9s kih\u00edv\u00e1sokat.Ha vel\u00fcnk k\u00e9pzeled el a partners\u00e9get, l\u00e9pj vel\u00fcnk kapcsolatba a lenti el\u00e9rhet\u0151s\u00e9gek egyik\u00e9n, vagy t\u00f6ltsd ki az \u0171rlapot!<\/p>\n","protected":false},"author":1,"featured_media":0,"parent":0,"menu_order":0,"comment_status":"closed","ping_status":"closed","template":"","meta":{"_acf_changed":false,"footnotes":""},"class_list":["post-2010","page","type-page","status-publish","hentry"],"acf":[],"_links":{"self":[{"href":"https:\/\/22media.sk\/hu\/wp-json\/wp\/v2\/pages\/2010","targetHints":{"allow":["GET"]}}],"collection":[{"href":"https:\/\/22media.sk\/hu\/wp-json\/wp\/v2\/pages"}],"about":[{"href":"https:\/\/22media.sk\/hu\/wp-json\/wp\/v2\/types\/page"}],"author":[{"embeddable":true,"href":"https:\/\/22media.sk\/hu\/wp-json\/wp\/v2\/users\/1"}],"replies":[{"embeddable":true,"href":"https:\/\/22media.sk\/hu\/wp-json\/wp\/v2\/comments?post=2010"}],"version-history":[{"count":0,"href":"https:\/\/22media.sk\/hu\/wp-json\/wp\/v2\/pages\/2010\/revisions"}],"wp:attachment":[{"href":"https:\/\/22media.sk\/hu\/wp-json\/wp\/v2\/media?parent=2010"}],"curies":[{"name":"wp","href":"https:\/\/api.w.org\/{rel}","templated":true}]}}